{"id":224,"date":"2024-10-29T19:19:42","date_gmt":"2024-10-29T19:19:42","guid":{"rendered":"https:\/\/redtv.taylorswift.com.br\/?page_id=224"},"modified":"2024-10-29T19:35:52","modified_gmt":"2024-10-29T19:35:52","slug":"premiere","status":"publish","type":"page","link":"https:\/\/redtv.taylorswift.com.br\/index.php\/premiere\/","title":{"rendered":"Premi\u00e8re"},"content":{"rendered":"\n<figure class=\"wp-block-gallery has-nested-images columns-default is-cropped wp-block-gallery-1 is-layout-flex wp-block-gallery-is-layout-flex\">\n<figure class=\"wp-block-image size-large\"><img loading=\"lazy\" decoding=\"async\" width=\"683\" height=\"1024\" data-id=\"237\" src=\"https:\/\/redtv.taylorswift.com.br\/wp-content\/uploads\/2024\/10\/003-683x1024.jpg\" alt=\"\" class=\"wp-image-237\" srcset=\"https:\/\/redtv.taylorswift.com.br\/wp-content\/uploads\/2024\/10\/003-683x1024.jpg 683w, https:\/\/redtv.taylorswift.com.br\/wp-content\/uploads\/2024\/10\/003-200x300.jpg 200w, https:\/\/redtv.taylorswift.com.br\/wp-content\/uploads\/2024\/10\/003-768x1152.jpg 768w, https:\/\/redtv.taylorswift.com.br\/wp-content\/uploads\/2024\/10\/003-1024x1536.jpg 1024w, https:\/\/redtv.taylorswift.com.br\/wp-content\/uploads\/2024\/10\/003-1365x2048.jpg 1365w, https:\/\/redtv.taylorswift.com.br\/wp-content\/uploads\/2024\/10\/003-scaled.jpg 1707w\" sizes=\"(max-width: 683px) 100vw, 683px\" \/><\/figure>\n\n\n\n<figure class=\"wp-block-image size-large\"><img loading=\"lazy\" decoding=\"async\" width=\"695\" height=\"1024\" data-id=\"238\" src=\"https:\/\/redtv.taylorswift.com.br\/wp-content\/uploads\/2024\/10\/TSBR_28529-695x1024.jpg\" alt=\"\" class=\"wp-image-238\" srcset=\"https:\/\/redtv.taylorswift.com.br\/wp-content\/uploads\/2024\/10\/TSBR_28529-695x1024.jpg 695w, https:\/\/redtv.taylorswift.com.br\/wp-content\/uploads\/2024\/10\/TSBR_28529-203x300.jpg 203w, https:\/\/redtv.taylorswift.com.br\/wp-content\/uploads\/2024\/10\/TSBR_28529-768x1132.jpg 768w, https:\/\/redtv.taylorswift.com.br\/wp-content\/uploads\/2024\/10\/TSBR_28529-1042x1536.jpg 1042w, https:\/\/redtv.taylorswift.com.br\/wp-content\/uploads\/2024\/10\/TSBR_28529.jpg 1389w\" sizes=\"(max-width: 695px) 100vw, 695px\" \/><\/figure>\n\n\n\n<figure class=\"wp-block-image size-large\"><img loading=\"lazy\" decoding=\"async\" width=\"683\" height=\"1024\" data-id=\"239\" src=\"https:\/\/redtv.taylorswift.com.br\/wp-content\/uploads\/2024\/10\/TSBR_28629-683x1024.jpg\" alt=\"\" class=\"wp-image-239\" srcset=\"https:\/\/redtv.taylorswift.com.br\/wp-content\/uploads\/2024\/10\/TSBR_28629-683x1024.jpg 683w, https:\/\/redtv.taylorswift.com.br\/wp-content\/uploads\/2024\/10\/TSBR_28629-200x300.jpg 200w, https:\/\/redtv.taylorswift.com.br\/wp-content\/uploads\/2024\/10\/TSBR_28629-768x1152.jpg 768w, https:\/\/redtv.taylorswift.com.br\/wp-content\/uploads\/2024\/10\/TSBR_28629-1024x1536.jpg 1024w, https:\/\/redtv.taylorswift.com.br\/wp-content\/uploads\/2024\/10\/TSBR_28629.jpg 1365w\" sizes=\"(max-width: 683px) 100vw, 683px\" \/><\/figure>\n<\/figure>\n\n\n\n<p class=\"has-text-align-center\"><strong><a href=\"https:\/\/taylorswiftbr.com\/thumbnails.php?album=3762\">Confira mais imagens em nossa galeria.<\/a><\/strong><\/p>\n\n\n<div class=\"wp-block-image\">\n<figure class=\"aligncenter size-full is-resized\"><img loading=\"lazy\" decoding=\"async\" width=\"1080\" height=\"540\" src=\"https:\/\/redtv.taylorswift.com.br\/wp-content\/uploads\/2024\/09\/red-tv-doodle.png\" alt=\"\" class=\"wp-image-81\" style=\"width:291px;height:auto\" srcset=\"https:\/\/redtv.taylorswift.com.br\/wp-content\/uploads\/2024\/09\/red-tv-doodle.png 1080w, https:\/\/redtv.taylorswift.com.br\/wp-content\/uploads\/2024\/09\/red-tv-doodle-300x150.png 300w, https:\/\/redtv.taylorswift.com.br\/wp-content\/uploads\/2024\/09\/red-tv-doodle-1024x512.png 1024w, https:\/\/redtv.taylorswift.com.br\/wp-content\/uploads\/2024\/09\/red-tv-doodle-768x384.png 768w\" sizes=\"(max-width: 1080px) 100vw, 1080px\" \/><\/figure><\/div>\n\n\n<p class=\"has-text-align-center\">No dia 12 de novembro de 2021, Taylor Swift realizou uma premi\u00e8re especial do curta-metragem no ACM Lincoln Square, Nova York, na qual os f\u00e3s tiveram a chance de assistir ao filme antecipadamente e tamb\u00e9m presenciar uma performance da cantora. <\/p>\n\n\n<div class=\"wp-block-image\">\n<figure class=\"aligncenter size-full is-resized\"><img loading=\"lazy\" decoding=\"async\" width=\"1080\" height=\"540\" src=\"https:\/\/redtv.taylorswift.com.br\/wp-content\/uploads\/2024\/09\/red-tv-doodle.png\" alt=\"\" class=\"wp-image-81\" style=\"width:291px;height:auto\" srcset=\"https:\/\/redtv.taylorswift.com.br\/wp-content\/uploads\/2024\/09\/red-tv-doodle.png 1080w, https:\/\/redtv.taylorswift.com.br\/wp-content\/uploads\/2024\/09\/red-tv-doodle-300x150.png 300w, https:\/\/redtv.taylorswift.com.br\/wp-content\/uploads\/2024\/09\/red-tv-doodle-1024x512.png 1024w, https:\/\/redtv.taylorswift.com.br\/wp-content\/uploads\/2024\/09\/red-tv-doodle-768x384.png 768w\" sizes=\"(max-width: 1080px) 100vw, 1080px\" \/><\/figure><\/div>\n\n\n<blockquote class=\"wp-block-quote is-layout-flow wp-block-quote-is-layout-flow\">\n<p>\u201cO que acho importante dizer \u00e9 que essas m\u00fasicas eram minhas, anos atr\u00e1s quando eu escrevi, agora s\u00e3o nossas, s\u00e3o compartilhadas. Todo mundo aqui deve pensar em algu\u00e9m quando escuta a m\u00fasica [All Too Well] e \u00e9 isso que eu quero. [No curta] eu queria contar a hist\u00f3ria sobre a chegada de um momento de maturidade. Sinto que eu, muitos dos meus amigos e as pessoas que eu conhe\u00e7o passaram por isso. Quando voc\u00ea tem 19 ou 20 anos, voc\u00ea tem um momento \u00fanico na vida em que tem um p\u00e9 na inf\u00e2ncia e outro na idade adulta. Esse momento \u00e9 de forma\u00e7\u00e3o e t\u00e3o fr\u00e1gil e foi muito importante para mim contar e mostrar essa hist\u00f3ria com Sadie, que \u00e9 t\u00e3o incrivelmente talentosa (\u2026) Eu tive um momento maravilhoso fazendo isso e eu realmente confiei nas pessoas com quem eu estava trabalhando, minha diretora de fotografia Rina Yang que \u00e9 maravilhosa, Dylan e Sadie, eles estavam t\u00e3o preparados e comprometidos\u201d.<\/p>\n\n\n\n<p>\u2013 <strong>Taylor Swift<\/strong> para o<strong> Extra TV <\/strong>sobre a <strong>inspira\u00e7\u00e3o <\/strong>por tr\u00e1s de \u201cAll Too Well\u201d e o <strong>processo criativo<\/strong> do curta.<\/p>\n\n\n<div class=\"wp-block-image\">\n<figure class=\"aligncenter size-full is-resized\"><img loading=\"lazy\" decoding=\"async\" width=\"1080\" height=\"540\" src=\"https:\/\/redtv.taylorswift.com.br\/wp-content\/uploads\/2024\/09\/red-tv-doodle.png\" alt=\"\" class=\"wp-image-81\" style=\"width:291px;height:auto\" srcset=\"https:\/\/redtv.taylorswift.com.br\/wp-content\/uploads\/2024\/09\/red-tv-doodle.png 1080w, https:\/\/redtv.taylorswift.com.br\/wp-content\/uploads\/2024\/09\/red-tv-doodle-300x150.png 300w, https:\/\/redtv.taylorswift.com.br\/wp-content\/uploads\/2024\/09\/red-tv-doodle-1024x512.png 1024w, https:\/\/redtv.taylorswift.com.br\/wp-content\/uploads\/2024\/09\/red-tv-doodle-768x384.png 768w\" sizes=\"(max-width: 1080px) 100vw, 1080px\" \/><\/figure><\/div>\n\n\n<blockquote class=\"wp-block-quote is-layout-flow wp-block-quote-is-layout-flow\">\n<p>\u201cEu me senti realizada com isso da mesma forma que me sinto quando fa\u00e7o uma m\u00fasica e penso em todos os aspectos dela. H\u00e1 tantas partes comoventes, mas, honestamente, os atores, Sadie e Dylan, eles deram seu m\u00e1ximo e eu confiei muito neles porque vi tudo o que eles fizeram. Sou f\u00e3 deles h\u00e1 anos, ent\u00e3o eu sabia, eu tinha um pressentimento, se colocasse essas duas pessoas em uma sala e confiasse em meus instintos, coisas m\u00e1gicas poderiam acontecer. Eles foram el\u00e9tricos nisso. Eu realmente estou muito orgulhosa dessas atua\u00e7\u00f5es, eu realmente espero que os f\u00e3s gostem tanto quanto eu\u201d.<\/p>\n\n\n\n<p>\u2013 <strong>Taylor Swift<\/strong> sobre o processo criativo do curta e a import\u00e2ncia de <strong>Sadie Sink<\/strong> e <strong>Dylan O&#8217;brien<\/strong> no elenco.<\/p>\n\n\n<div class=\"wp-block-image\">\n<figure class=\"aligncenter size-full is-resized\"><img loading=\"lazy\" decoding=\"async\" width=\"1080\" height=\"540\" src=\"https:\/\/redtv.taylorswift.com.br\/wp-content\/uploads\/2024\/09\/red-tv-doodle.png\" alt=\"\" class=\"wp-image-81\" style=\"width:291px;height:auto\" srcset=\"https:\/\/redtv.taylorswift.com.br\/wp-content\/uploads\/2024\/09\/red-tv-doodle.png 1080w, https:\/\/redtv.taylorswift.com.br\/wp-content\/uploads\/2024\/09\/red-tv-doodle-300x150.png 300w, https:\/\/redtv.taylorswift.com.br\/wp-content\/uploads\/2024\/09\/red-tv-doodle-1024x512.png 1024w, https:\/\/redtv.taylorswift.com.br\/wp-content\/uploads\/2024\/09\/red-tv-doodle-768x384.png 768w\" sizes=\"(max-width: 1080px) 100vw, 1080px\" \/><\/figure><\/div>\n\n\n<p><\/p>\n<\/blockquote>\n<\/blockquote>\n","protected":false},"excerpt":{"rendered":"<p>Confira mais imagens em nossa galeria. No dia 12 de novembro de 2021, Taylor Swift realizou uma premi\u00e8re especial do curta-metragem no ACM Lincoln Square, Nova York, na qual os f\u00e3s tiveram a chance de assistir ao filme antecipadamente e tamb\u00e9m presenciar uma performance da cantora.<\/p>\n","protected":false},"author":1,"featured_media":225,"parent":0,"menu_order":0,"comment_status":"closed","ping_status":"closed","template":"","meta":{"footnotes":""},"class_list":["post-224","page","type-page","status-publish","has-post-thumbnail","hentry"],"_links":{"self":[{"href":"https:\/\/redtv.taylorswift.com.br\/index.php\/wp-json\/wp\/v2\/pages\/224"}],"collection":[{"href":"https:\/\/redtv.taylorswift.com.br\/index.php\/wp-json\/wp\/v2\/pages"}],"about":[{"href":"https:\/\/redtv.taylorswift.com.br\/index.php\/wp-json\/wp\/v2\/types\/page"}],"author":[{"embeddable":true,"href":"https:\/\/redtv.taylorswift.com.br\/index.php\/wp-json\/wp\/v2\/users\/1"}],"replies":[{"embeddable":true,"href":"https:\/\/redtv.taylorswift.com.br\/index.php\/wp-json\/wp\/v2\/comments?post=224"}],"version-history":[{"count":7,"href":"https:\/\/redtv.taylorswift.com.br\/index.php\/wp-json\/wp\/v2\/pages\/224\/revisions"}],"predecessor-version":[{"id":242,"href":"https:\/\/redtv.taylorswift.com.br\/index.php\/wp-json\/wp\/v2\/pages\/224\/revisions\/242"}],"wp:featuredmedia":[{"embeddable":true,"href":"https:\/\/redtv.taylorswift.com.br\/index.php\/wp-json\/wp\/v2\/media\/225"}],"wp:attachment":[{"href":"https:\/\/redtv.taylorswift.com.br\/index.php\/wp-json\/wp\/v2\/media?parent=224"}],"curies":[{"name":"wp","href":"https:\/\/api.w.org\/{rel}","templated":true}]}}